{"id":309,"date":"2016-08-31T14:29:46","date_gmt":"2016-08-31T13:29:46","guid":{"rendered":"http:\/\/localhost\/wordpress\/?page_id=309"},"modified":"2020-05-07T00:01:18","modified_gmt":"2020-05-06T23:01:18","slug":"ueber-uns","status":"publish","type":"page","link":"https:\/\/www.gtvnaefels.ch\/?page_id=309","title":{"rendered":"\u00dcber uns"},"content":{"rendered":"<p><span style=\"font-family: arial, helvetica, sans-serif;\"><b><img loading=\"lazy\" decoding=\"async\" class=\"size-medium wp-image-258 alignleft\" src=\"http:\/\/localhost\/wordpress\/wp-content\/uploads\/2016\/08\/gtv_logo-1-300x182.jpg\" alt=\"gtv_logo\" width=\"300\" height=\"182\" srcset=\"https:\/\/www.gtvnaefels.ch\/wp-content\/uploads\/2016\/08\/gtv_logo-1-300x182.jpg 300w, https:\/\/www.gtvnaefels.ch\/wp-content\/uploads\/2016\/08\/gtv_logo-1.jpg 400w\" sizes=\"(max-width: 300px) 100vw, 300px\" \/>Portrait des GTV N\u00e4fels<\/b><\/span><br \/>\n<span style=\"font-family: arial, helvetica, sans-serif;\">Gegr\u00fcndet am 23.10.1938, z\u00e4hlt der Glarner Tambourenverein N\u00e4fels heute \u00fcber 50\u00a0trommelnde Mitglieder. Die Stammsektion trommelt an regionalen und eidgen\u00f6ssischen Wettspielen in der H\u00f6chstkategorie und bietet verschiedene Unterhaltungs-Programme f\u00fcr jeden Anlass &#8211; ein Mix aus Unterhaltung, Witz und trommlerischer Pr\u00e4zision auf h\u00f6chstem Niveau. Auftritte an Generalversammlungen, Dorffesten und als Special Guests bei Unterhaltungsabenden geh\u00f6ren ebenso zum Jahresprogramm wie die j\u00e4hrlichen Auftritte am Sechsel\u00e4uten oder an der N\u00e4felser Fahrt. Das Abend f\u00fcllende Programm \u00abDrumline\u00bb wurde 2016 zum vierten Mal mit grossem Erfolg aufgef\u00fchrt. Die Jungtambouren (U20) etablierten sich 2008 als Vice-Schweizer Meister in der zweith\u00f6chsten Kategorie und gewannen schon mehrere Titel an Ostschweizer Meisterschaften in der H\u00f6chstkategorie. Die Stammsektion darf sich seit 2014 zu den 5 besten Vereinen der Schweiz z\u00e4hlen.<\/span><\/p>\n<table style=\"height: 107px; width: 677.783px; border-color: #ffffff; background-color: #ffffff;\">\n<tbody>\n<tr>\n<td style=\"width: 316px;\"><span style=\"font-size: 14pt;\"><a href=\"http:\/\/gtvnaefels.ch\/?page_id=312\"><strong>Unsere Fahne<\/strong><\/a><\/span><\/td>\n<td style=\"width: 301px;\"><span style=\"font-size: 14pt;\"><a href=\"http:\/\/gtvnaefels.ch\/?page_id=315\"><strong>Unsere Uniform<\/strong><\/a><\/span><\/td>\n<td style=\"width: 313.783px;\"><span style=\"font-size: 14pt;\"><a href=\"http:\/\/gtvnaefels.ch\/?page_id=1881\"><strong>Unsere Holztrommeln<\/strong><\/a><\/span><\/td>\n<\/tr>\n<tr>\n<td style=\"width: 316px; vertical-align: top; text-align: left;\"><a href=\"http:\/\/gtvnaefels.ch\/?page_id=312\"><img loading=\"lazy\" decoding=\"async\" class=\"alignnone wp-image-313 size-medium\" src=\"http:\/\/gtvnaefels.ch\/wp-content\/uploads\/2016\/08\/fahne-200x300.jpg\" alt=\"\" width=\"200\" height=\"300\" srcset=\"https:\/\/www.gtvnaefels.ch\/wp-content\/uploads\/2016\/08\/fahne-200x300.jpg 200w, https:\/\/www.gtvnaefels.ch\/wp-content\/uploads\/2016\/08\/fahne.jpg 250w\" sizes=\"(max-width: 200px) 100vw, 200px\" \/><\/a><\/td>\n<td style=\"width: 301px; vertical-align: top; text-align: left;\"><a href=\"http:\/\/gtvnaefels.ch\/?page_id=315\"><img loading=\"lazy\" decoding=\"async\" class=\"alignnone wp-image-316 size-medium\" src=\"http:\/\/gtvnaefels.ch\/wp-content\/uploads\/2016\/08\/uniform2-200x300.jpg\" alt=\"\" width=\"200\" height=\"300\" srcset=\"https:\/\/www.gtvnaefels.ch\/wp-content\/uploads\/2016\/08\/uniform2-200x300.jpg 200w, https:\/\/www.gtvnaefels.ch\/wp-content\/uploads\/2016\/08\/uniform2.jpg 250w\" sizes=\"(max-width: 200px) 100vw, 200px\" \/><\/a><\/td>\n<td style=\"width: 313.783px; vertical-align: top; text-align: left;\"><a href=\"http:\/\/gtvnaefels.ch\/?page_id=1881\"><img loading=\"lazy\" decoding=\"async\" class=\"alignnone wp-image-1887 size-medium\" src=\"http:\/\/gtvnaefels.ch\/wp-content\/uploads\/2020\/05\/P1070226-225x300.jpg\" alt=\"\" width=\"225\" height=\"300\" srcset=\"https:\/\/www.gtvnaefels.ch\/wp-content\/uploads\/2020\/05\/P1070226-225x300.jpg 225w, https:\/\/www.gtvnaefels.ch\/wp-content\/uploads\/2020\/05\/P1070226-768x1024.jpg 768w, https:\/\/www.gtvnaefels.ch\/wp-content\/uploads\/2020\/05\/P1070226-624x832.jpg 624w\" sizes=\"(max-width: 225px) 100vw, 225px\" \/><\/a><\/td>\n<\/tr>\n<\/tbody>\n<\/table>\n<p><strong>Anfahrtsplan Probelokal<\/strong><\/p>\n<p><img loading=\"lazy\" decoding=\"async\" class=\"alignnone wp-image-697\" src=\"http:\/\/gtvnaefels.ch\/wp-content\/uploads\/2019\/02\/Anfahrtsplan-300x243.png\" alt=\"\" width=\"583\" height=\"472\" srcset=\"https:\/\/www.gtvnaefels.ch\/wp-content\/uploads\/2019\/02\/Anfahrtsplan-300x243.png 300w, https:\/\/www.gtvnaefels.ch\/wp-content\/uploads\/2019\/02\/Anfahrtsplan-768x622.png 768w, https:\/\/www.gtvnaefels.ch\/wp-content\/uploads\/2019\/02\/Anfahrtsplan-624x505.png 624w, https:\/\/www.gtvnaefels.ch\/wp-content\/uploads\/2019\/02\/Anfahrtsplan.png 934w\" sizes=\"(max-width: 583px) 100vw, 583px\" \/><\/p>\n","protected":false},"excerpt":{"rendered":"<p>Portrait des GTV N\u00e4fels Gegr\u00fcndet am 23.10.1938, z\u00e4hlt der Glarner Tambourenverein N\u00e4fels heute \u00fcber 50\u00a0trommelnde Mitglieder. Die Stammsektion trommelt an regionalen und eidgen\u00f6ssischen Wettspielen in der H\u00f6chstkategorie und bietet verschiedene [&hellip;]<\/p>\n","protected":false},"author":1,"featured_media":0,"parent":0,"menu_order":0,"comment_status":"closed","ping_status":"closed","template":"","meta":{"footnotes":""},"class_list":["post-309","page","type-page","status-publish","hentry"],"_links":{"self":[{"href":"https:\/\/www.gtvnaefels.ch\/index.php?rest_route=\/wp\/v2\/pages\/309"}],"collection":[{"href":"https:\/\/www.gtvnaefels.ch\/index.php?rest_route=\/wp\/v2\/pages"}],"about":[{"href":"https:\/\/www.gtvnaefels.ch\/index.php?rest_route=\/wp\/v2\/types\/page"}],"author":[{"embeddable":true,"href":"https:\/\/www.gtvnaefels.ch\/index.php?rest_route=\/wp\/v2\/users\/1"}],"replies":[{"embeddable":true,"href":"https:\/\/www.gtvnaefels.ch\/index.php?rest_route=%2Fwp%2Fv2%2Fcomments&post=309"}],"version-history":[{"count":15,"href":"https:\/\/www.gtvnaefels.ch\/index.php?rest_route=\/wp\/v2\/pages\/309\/revisions"}],"predecessor-version":[{"id":698,"href":"https:\/\/www.gtvnaefels.ch\/index.php?rest_route=\/wp\/v2\/pages\/309\/revisions\/698"}],"wp:attachment":[{"href":"https:\/\/www.gtvnaefels.ch\/index.php?rest_route=%2Fwp%2Fv2%2Fmedia&parent=309"}],"curies":[{"name":"wp","href":"https:\/\/api.w.org\/{rel}","templated":true}]}}